{"id":1782,"date":"2023-07-17T20:08:34","date_gmt":"2023-07-17T20:08:34","guid":{"rendered":"https:\/\/etikgraf.hr\/?page_id=1782"},"modified":"2024-07-10T10:16:34","modified_gmt":"2024-07-10T08:16:34","slug":"blog","status":"publish","type":"page","link":"https:\/\/etikgraf.hr\/it\/blog\/","title":{"rendered":"Blog"},"content":{"rendered":"<section class=\"l-section wpb_row height_small width_custom\" style=\"--site-content-width:1024px;\"><div class=\"l-section-h i-cf\"><div class=\"g-cols vc_row via_grid cols_1 laptops-cols_inherit tablets-cols_inherit mobiles-cols_1 valign_top type_default stacking_default\"><div class=\"wpb_column vc_column_container\"><div class=\"vc_column-inner\"><div class=\"w-grid us_grid type_grid layout_2303 jc-blog-posts cols_1 pagination_regular preload_style_spinner with_css_animation\" id=\"us_grid_1\" style=\"--columns:1;--gap:1.7rem;\" data-filterable=\"true\"><style>.layout_2303 .w-grid-item-h{}.layout_2303 .usg_post_image_1{transition-duration:0.3s;transform-origin:50% 50%;transform:scale(1) translate(0%,0%)}.layout_2303 .w-grid-item-h:focus-within .usg_post_image_1,.layout_2303 .w-grid-item-h:hover .usg_post_image_1{transform:scale(1.03) translate(0%,0%);opacity:1}.layout_2303 .usg_text_1{transition-duration:0.3s;transform-origin:50% 50%;transform:scale(1) translate(0%,0%)}.layout_2303 .w-grid-item-h:focus-within .usg_text_1,.layout_2303 .w-grid-item-h:hover .usg_text_1{transform:scale(1) translate(0%,0%);opacity:1;color:var(--color-content-link)!important}.layout_2303 .usg_post_image_1{width:45%!important;max-width:400px!important}.layout_2303 .usg_post_title_1{font-size:1.6rem!important;font-weight:700!important;margin-bottom:0.2rem!important}.layout_2303 .usg_hwrapper_1{margin-bottom:1.5rem!important}.layout_2303 .usg_vwrapper_1{width:55%!important;padding-left:2rem!important;padding-top:0!important}.layout_2303 .usg_post_date_1{color:var(--color-content-faded)!important;font-size:0.9rem!important;margin-bottom:auto!important}.layout_2303 .usg_post_content_1{margin-left:0.7rem!important;margin-top:0.7rem!important;margin-bottom:0.8rem!important;padding-left:1rem!important;border-left-width:2px!important;border-color:var(--color-content-primary)!important;border-left-style:solid!important}.layout_2303 .usg_text_1{color:var(--color-content-text)!important;font-size:0.9rem!important;line-height:1!important;margin-top:auto!important}@media (min-width:1025px) and (max-width:1380px){.layout_2303 .usg_post_image_1{width:45%!important}.layout_2303 .usg_post_title_1{font-size:1.6rem!important;font-weight:700!important}.layout_2303 .usg_vwrapper_1{width:55%!important;padding-left:2rem!important;padding-top:0!important}}@media (min-width:601px) and (max-width:1024px){.layout_2303 .usg_post_image_1{width:100%!important}.layout_2303 .usg_post_title_1{font-size:1.6rem!important;font-weight:700!important}.layout_2303 .usg_vwrapper_1{width:100%!important;max-width:600px!important;padding-left:0!important;padding-top:1rem!important;padding-right:0!important}}@media (max-width:600px){.layout_2303 .usg_post_image_1{width:100%!important}.layout_2303 .usg_post_title_1{font-size:1.3rem!important;font-weight:700!important}.layout_2303 .usg_vwrapper_1{width:100%!important;padding-left:0!important;padding-top:1rem!important;padding-right:0!important}}<\/style><div class=\"w-grid-list\">\t<article class=\"w-grid-item us_animate_afb size_1x1 post-2177 post type-post status-publish format-standard has-post-thumbnail hentry category-blog tag-etikete-it tag-etiqr-it tag-qr-it tag-regolamentazione-dellue tag-tisak-it tag-vino-it tag-vinske-etikete-it\" data-id=\"2177\">\r\n\t\t<div class=\"w-grid-item-h\">\r\n\t\t\t\t\t\t<div class=\"w-hwrapper usg_hwrapper_1 align_none valign_middle wrap\" style=\"--hwrapper-gap:0.6rem\"><div class=\"w-post-elm post_image usg_post_image_1 has_width has_ratio\"><a href=\"https:\/\/etikgraf.hr\/it\/e-etichetta-e-la-nuova-regolamentazione-dellue-3\/\" aria-label=\"E-etichetta e la nuova regolamentazione dell&#8217;UE\"><img loading=\"lazy\" decoding=\"async\" width=\"900\" height=\"555\" src=\"https:\/\/etikgraf.hr\/wp-content\/uploads\/2024\/01\/Untitled-design-11.png\" class=\"attachment-large size-large wp-post-image\" alt=\"Trendovi u amabal\u017ei i etiketama za 2024\" \/><\/a><div style=\"padding-bottom:56.25%\"><\/div><\/div><div class=\"w-vwrapper usg_vwrapper_1 align_none valign_top\" style=\"--vwrapper-gap:0rem\"><h2 class=\"w-post-elm post_title usg_post_title_1 entry-title color_link_inherit\"><a href=\"https:\/\/etikgraf.hr\/it\/e-etichetta-e-la-nuova-regolamentazione-dellue-3\/\">E-etichetta e la nuova regolamentazione dell&#8217;UE<\/a><\/h2><time class=\"w-post-elm post_date usg_post_date_1 has_text_color entry-date published\" datetime=\"2026-03-19T23:39:42+01:00\">19.3.2026.<\/time><div class=\"w-post-elm post_content usg_post_content_1\">L&#8217;8 dicembre 2023 entrer\u00e0 in vigore il nuovo regolamento (UE) 2021\/2117, che avvicina l&#8217;etichettatura del vino a quella di tutti gli altri prodotti alimentari&hellip;<\/div><div class=\"w-text usg_text_1 has_text_color icon_atleft\"><a href=\"https:\/\/etikgraf.hr\/it\/e-etichetta-e-la-nuova-regolamentazione-dellue-3\/\" class=\"w-text-h\"><i class=\"far fa-plus\"><\/i><span class=\"w-text-value\">Leggi altro<\/span><\/a><\/div><\/div><\/div>\t\t<\/div>\r\n\t\t\t<\/article>\r\n\t<article class=\"w-grid-item us_animate_afb size_1x1 post-3395 post type-post status-publish format-standard has-post-thumbnail hentry category-blog tag-etikete-it tag-tehnologija\" data-id=\"3395\">\r\n\t\t<div class=\"w-grid-item-h\">\r\n\t\t\t\t\t\t<div class=\"w-hwrapper usg_hwrapper_1 align_none valign_middle wrap\" style=\"--hwrapper-gap:0.6rem\"><div class=\"w-post-elm post_image usg_post_image_1 has_width has_ratio\"><a href=\"https:\/\/etikgraf.hr\/it\/case-study-cosa-fare-quando-proprio-nulla-va-secondo-i-piani\/\" aria-label=\"Case study: Cosa fare quando proprio nulla va secondo i piani?\"><img loading=\"lazy\" decoding=\"async\" width=\"683\" height=\"1024\" src=\"https:\/\/etikgraf.hr\/wp-content\/uploads\/2026\/02\/Etikgraf-Bakic-Nenad-1-683x1024.jpg\" class=\"attachment-large size-large wp-post-image\" alt=\"\" \/><\/a><div style=\"padding-bottom:56.25%\"><\/div><\/div><div class=\"w-vwrapper usg_vwrapper_1 align_none valign_top\" style=\"--vwrapper-gap:0rem\"><h2 class=\"w-post-elm post_title usg_post_title_1 entry-title color_link_inherit\"><a href=\"https:\/\/etikgraf.hr\/it\/case-study-cosa-fare-quando-proprio-nulla-va-secondo-i-piani\/\">Case study: Cosa fare quando proprio nulla va secondo i piani?<\/a><\/h2><time class=\"w-post-elm post_date usg_post_date_1 has_text_color entry-date published\" datetime=\"2026-03-19T23:32:11+01:00\">19.3.2026.<\/time><div class=\"w-post-elm post_content usg_post_content_1\">Hitna narud\u017eba, novi klijent, specijalan materijal, pogre\u0161na dokumentacija, \u0161trajk, blagdani i paket koji zapne u po\u0161ti. Ovo je stvarna pri\u010da iz proizvodnje etiketa kada&hellip;<\/div><div class=\"w-text usg_text_1 has_text_color icon_atleft\"><a href=\"https:\/\/etikgraf.hr\/it\/case-study-cosa-fare-quando-proprio-nulla-va-secondo-i-piani\/\" class=\"w-text-h\"><i class=\"far fa-plus\"><\/i><span class=\"w-text-value\">Leggi altro<\/span><\/a><\/div><\/div><\/div>\t\t<\/div>\r\n\t\t\t<\/article>\r\n\t<article class=\"w-grid-item us_animate_afb size_1x1 post-1855 post type-post status-publish format-standard has-post-thumbnail hentry category-blog tag-etikete-it tag-etiqr-it tag-qr-it tag-regolamentazione-dellue tag-tisak-it tag-vino-it tag-vinske-etikete-it\" data-id=\"1855\">\r\n\t\t<div class=\"w-grid-item-h\">\r\n\t\t\t\t\t\t<div class=\"w-hwrapper usg_hwrapper_1 align_none valign_middle wrap\" style=\"--hwrapper-gap:0.6rem\"><div class=\"w-post-elm post_image usg_post_image_1 has_width has_ratio\"><a href=\"https:\/\/etikgraf.hr\/it\/e-etichetta-e-la-nuova-regolamentazione-dellue-2\/\" aria-label=\"E-etichetta e la nuova regolamentazione dell&#8217;UE\"><img loading=\"lazy\" decoding=\"async\" width=\"1000\" height=\"650\" src=\"https:\/\/etikgraf.hr\/wp-content\/uploads\/2023\/07\/QRsken-ETIQR.png\" class=\"attachment-large size-large wp-post-image\" alt=\"\" \/><\/a><div style=\"padding-bottom:56.25%\"><\/div><\/div><div class=\"w-vwrapper usg_vwrapper_1 align_none valign_top\" style=\"--vwrapper-gap:0rem\"><h2 class=\"w-post-elm post_title usg_post_title_1 entry-title color_link_inherit\"><a href=\"https:\/\/etikgraf.hr\/it\/e-etichetta-e-la-nuova-regolamentazione-dellue-2\/\">E-etichetta e la nuova regolamentazione dell&#8217;UE<\/a><\/h2><time class=\"w-post-elm post_date usg_post_date_1 has_text_color entry-date published\" datetime=\"2023-09-25T10:56:02+02:00\">25.9.2023.<\/time><div class=\"w-post-elm post_content usg_post_content_1\">L&#8217;8 dicembre 2023 entrer\u00e0 in vigore il nuovo regolamento (UE) 2021\/2117, che avvicina l&#8217;etichettatura del vino a quella di tutti gli altri prodotti alimentari&hellip;<\/div><div class=\"w-text usg_text_1 has_text_color icon_atleft\"><a href=\"https:\/\/etikgraf.hr\/it\/e-etichetta-e-la-nuova-regolamentazione-dellue-2\/\" class=\"w-text-h\"><i class=\"far fa-plus\"><\/i><span class=\"w-text-value\">Leggi altro<\/span><\/a><\/div><\/div><\/div>\t\t<\/div>\r\n\t\t\t<\/article>\r\n\t<article class=\"w-grid-item us_animate_afb size_1x1 post-1799 post type-post status-publish format-standard has-post-thumbnail hentry category-blog tag-disegno tag-etichette tag-etichette-autoadesive tag-etikete-it tag-nagrada-it tag-premio tag-tisak-it tag-vino-it tag-vinske-etikete-it\" data-id=\"1799\">\r\n\t\t<div class=\"w-grid-item-h\">\r\n\t\t\t\t\t\t<div class=\"w-hwrapper usg_hwrapper_1 align_none valign_middle wrap\" style=\"--hwrapper-gap:0.6rem\"><div class=\"w-post-elm post_image usg_post_image_1 has_width has_ratio\"><a href=\"https:\/\/etikgraf.hr\/it\/preiner3-2\/\" aria-label=\"Preiner III &#8211; eleganza semplice che parla pi\u00f9 delle parole.\"><img loading=\"lazy\" decoding=\"async\" width=\"1024\" height=\"1024\" src=\"https:\/\/etikgraf.hr\/wp-content\/uploads\/2023\/01\/Preiner-wines-III-01-1024x1024.jpg\" class=\"attachment-large size-large wp-post-image\" alt=\"Preiner III label\" \/><\/a><div style=\"padding-bottom:56.25%\"><\/div><\/div><div class=\"w-vwrapper usg_vwrapper_1 align_none valign_top\" style=\"--vwrapper-gap:0rem\"><h2 class=\"w-post-elm post_title usg_post_title_1 entry-title color_link_inherit\"><a href=\"https:\/\/etikgraf.hr\/it\/preiner3-2\/\">Preiner III &#8211; eleganza semplice che parla pi\u00f9 delle parole.<\/a><\/h2><time class=\"w-post-elm post_date usg_post_date_1 has_text_color entry-date published\" datetime=\"2023-05-23T09:36:24+02:00\">23.5.2023.<\/time><div class=\"w-post-elm post_content usg_post_content_1\">Dalla cantina gestita da tre generazioni arriva il Preiner III, un blend di tre variet\u00e0, alcune delle quali specifiche per la micro-localit\u00e0 della cantina.&hellip;<\/div><div class=\"w-text usg_text_1 has_text_color icon_atleft\"><a href=\"https:\/\/etikgraf.hr\/it\/preiner3-2\/\" class=\"w-text-h\"><i class=\"far fa-plus\"><\/i><span class=\"w-text-value\">Leggi altro<\/span><\/a><\/div><\/div><\/div>\t\t<\/div>\r\n\t\t\t<\/article>\r\n\t<article class=\"w-grid-item us_animate_afb size_1x1 post-1776 post type-post status-publish format-standard has-post-thumbnail hentry category-blog tag-etikete-it tag-nagrada-it tag-tisak-it tag-vino-it tag-vinske-etikete-it\" data-id=\"1776\">\r\n\t\t<div class=\"w-grid-item-h\">\r\n\t\t\t\t\t\t<div class=\"w-hwrapper usg_hwrapper_1 align_none valign_middle wrap\" style=\"--hwrapper-gap:0.6rem\"><div class=\"w-post-elm post_image usg_post_image_1 has_width has_ratio\"><a href=\"https:\/\/etikgraf.hr\/it\/vina-suran-eda-gold-award\/\" aria-label=\"Oro europeo per il microcosmo del vino \u0160uran\"><img loading=\"lazy\" decoding=\"async\" width=\"1024\" height=\"512\" src=\"https:\/\/etikgraf.hr\/wp-content\/uploads\/2021\/10\/ETIKGRAF_Suran_wide-1024x512.png\" class=\"attachment-large size-large wp-post-image\" alt=\"\" \/><\/a><div style=\"padding-bottom:56.25%\"><\/div><\/div><div class=\"w-vwrapper usg_vwrapper_1 align_none valign_top\" style=\"--vwrapper-gap:0rem\"><h2 class=\"w-post-elm post_title usg_post_title_1 entry-title color_link_inherit\"><a href=\"https:\/\/etikgraf.hr\/it\/vina-suran-eda-gold-award\/\">Oro europeo per il microcosmo del vino \u0160uran<\/a><\/h2><time class=\"w-post-elm post_date usg_post_date_1 has_text_color entry-date published\" datetime=\"2021-08-07T20:23:05+02:00\">7.8.2021.<\/time><div class=\"w-post-elm post_content usg_post_content_1\">La soluzione originale dell&#8217;incarto per i vini \u0160uran di Rovigno ha catturato l&#8217;attivit\u00e0 microbiologica del terreno e ha vinto l&#8217;oro agli European Design Awards.&hellip;<\/div><div class=\"w-text usg_text_1 has_text_color icon_atleft\"><a href=\"https:\/\/etikgraf.hr\/it\/vina-suran-eda-gold-award\/\" class=\"w-text-h\"><i class=\"far fa-plus\"><\/i><span class=\"w-text-value\">Leggi altro<\/span><\/a><\/div><\/div><\/div>\t\t<\/div>\r\n\t\t\t<\/article>\r\n\t<article class=\"w-grid-item us_animate_afb size_1x1 post-1794 post type-post status-publish format-standard has-post-thumbnail hentry category-blog tag-disegno tag-etichette tag-etikete-it tag-nagrada-it tag-olio-extravergine-di-oliva tag-premio tag-tisak-it\" data-id=\"1794\">\r\n\t\t<div class=\"w-grid-item-h\">\r\n\t\t\t\t\t\t<div class=\"w-hwrapper usg_hwrapper_1 align_none valign_middle wrap\" style=\"--hwrapper-gap:0.6rem\"><div class=\"w-post-elm post_image usg_post_image_1 has_width has_ratio\"><a href=\"https:\/\/etikgraf.hr\/it\/red-dot-2019-per-lolio-evo-nella-camicia-a-quadri\/\" aria-label=\"Red Dot 2019 per l&#8217;olio EVO nella camicia a quadri\"><img loading=\"lazy\" decoding=\"async\" width=\"1024\" height=\"683\" src=\"https:\/\/etikgraf.hr\/wp-content\/uploads\/2019\/10\/Etikgraf_Latini_RedDot_award_olive_oil_labels-1024x683.jpg\" class=\"attachment-large size-large wp-post-image\" alt=\"\" \/><\/a><div style=\"padding-bottom:56.25%\"><\/div><\/div><div class=\"w-vwrapper usg_vwrapper_1 align_none valign_top\" style=\"--vwrapper-gap:0rem\"><h2 class=\"w-post-elm post_title usg_post_title_1 entry-title color_link_inherit\"><a href=\"https:\/\/etikgraf.hr\/it\/red-dot-2019-per-lolio-evo-nella-camicia-a-quadri\/\">Red Dot 2019 per l&#8217;olio EVO nella camicia a quadri<\/a><\/h2><time class=\"w-post-elm post_date usg_post_date_1 has_text_color entry-date published\" datetime=\"2019-10-10T21:47:50+02:00\">10.10.2019.<\/time><div class=\"w-post-elm post_content usg_post_content_1\">Lo Studio di Comunicazione Visiva Tumpi\u0107\/Prenc\u00a0 \u00e8 stato insignito del premio Red Dot 2019: Best of the Best, uno dei riconoscimenti pi\u00f9 prestigiosi nel&hellip;<\/div><div class=\"w-text usg_text_1 has_text_color icon_atleft\"><a href=\"https:\/\/etikgraf.hr\/it\/red-dot-2019-per-lolio-evo-nella-camicia-a-quadri\/\" class=\"w-text-h\"><i class=\"far fa-plus\"><\/i><span class=\"w-text-value\">Leggi altro<\/span><\/a><\/div><\/div><\/div>\t\t<\/div>\r\n\t\t\t<\/article>\r\n<\/div>\t<div class=\"w-grid-preloader\">\r\n\t\t<div class=\"g-preloader type_1\">\r\n\t\t\t<div><\/div>\r\n\t\t<\/div>\r\n\t<\/div>\r\n\t\t<div class=\"w-grid-json hidden\" onclick='return {&quot;action&quot;:&quot;us_ajax_grid&quot;,&quot;infinite_scroll&quot;:0,&quot;max_num_pages&quot;:1,&quot;pagination&quot;:&quot;regular&quot;,&quot;template_vars&quot;:{&quot;columns&quot;:&quot;1&quot;,&quot;exclude_items&quot;:&quot;none&quot;,&quot;img_size&quot;:&quot;default&quot;,&quot;ignore_items_size&quot;:0,&quot;items_layout&quot;:&quot;2303&quot;,&quot;items_offset&quot;:&quot;1&quot;,&quot;load_animation&quot;:&quot;afb&quot;,&quot;overriding_link&quot;:&quot;{\\&quot;url\\&quot;:\\&quot;\\&quot;}&quot;,&quot;post_id&quot;:0,&quot;query_args&quot;:{&quot;post_type&quot;:[&quot;post&quot;],&quot;post_status&quot;:[&quot;publish&quot;,&quot;acf-disabled&quot;],&quot;posts_per_page&quot;:&quot;10&quot;},&quot;orderby_query_args&quot;:{&quot;orderby&quot;:{&quot;date&quot;:&quot;DESC&quot;}},&quot;type&quot;:&quot;grid&quot;,&quot;us_grid_post_type&quot;:&quot;post&quot;,&quot;us_grid_ajax_index&quot;:1,&quot;us_grid_filter_query_string&quot;:null,&quot;us_grid_index&quot;:1,&quot;page_args&quot;:[],&quot;lang&quot;:&quot;it&quot;}}'><\/div>\r\n\t<\/div><\/div><\/div><\/div><\/div><\/section>\n","protected":false},"excerpt":{"rendered":"Lo Studio di Comunicazione Visiva Tumpi\u0107\/Prenc\u00a0 \u00e8 stato insignito del premio Red Dot 2019: Best of the Best, uno dei riconoscimenti pi\u00f9 prestigiosi nel campo del design a livello mondiale. Lo studio da Rovigno ha vinto il premio per il design della bottiglia di olio d&#8217;oliva del marchio istriano Latini. La giuria di esperti internazionali...","protected":false},"author":3,"featured_media":0,"parent":0,"menu_order":18,"comment_status":"closed","ping_status":"closed","template":"","meta":{"_acf_changed":false,"footnotes":""},"class_list":["post-1782","page","type-page","status-publish","hentry"],"acf":[],"_links":{"self":[{"href":"https:\/\/etikgraf.hr\/it\/wp-json\/wp\/v2\/pages\/1782","targetHints":{"allow":["GET"]}}],"collection":[{"href":"https:\/\/etikgraf.hr\/it\/wp-json\/wp\/v2\/pages"}],"about":[{"href":"https:\/\/etikgraf.hr\/it\/wp-json\/wp\/v2\/types\/page"}],"author":[{"embeddable":true,"href":"https:\/\/etikgraf.hr\/it\/wp-json\/wp\/v2\/users\/3"}],"replies":[{"embeddable":true,"href":"https:\/\/etikgraf.hr\/it\/wp-json\/wp\/v2\/comments?post=1782"}],"version-history":[{"count":5,"href":"https:\/\/etikgraf.hr\/it\/wp-json\/wp\/v2\/pages\/1782\/revisions"}],"predecessor-version":[{"id":2796,"href":"https:\/\/etikgraf.hr\/it\/wp-json\/wp\/v2\/pages\/1782\/revisions\/2796"}],"wp:attachment":[{"href":"https:\/\/etikgraf.hr\/it\/wp-json\/wp\/v2\/media?parent=1782"}],"curies":[{"name":"wp","href":"https:\/\/api.w.org\/{rel}","templated":true}]}}