{"id":934,"date":"2020-07-17T09:00:21","date_gmt":"2020-07-17T09:00:21","guid":{"rendered":"https:\/\/etikgraf.hr\/contact\/"},"modified":"2024-08-08T22:27:56","modified_gmt":"2024-08-08T20:27:56","slug":"contact","status":"publish","type":"page","link":"https:\/\/etikgraf.hr\/en\/contact\/","title":{"rendered":"Contact"},"content":{"rendered":"<section class=\"l-section wpb_row us_custom_19737bc8 height_small width_custom\" style=\"--site-content-width:600px;\"><div class=\"l-section-h i-cf\"><div class=\"g-cols vc_row via_grid cols_1 laptops-cols_inherit tablets-cols_inherit mobiles-cols_1 valign_top type_default stacking_default\"><div class=\"wpb_column vc_column_container\"><div class=\"vc_column-inner\"><div class=\"wpb_text_column\"><div class=\"wpb_wrapper\"><p style=\"text-align: center;\">If you have any questions or want to know more about our products and services, contact us via e-mail or  phone.<\/p>\n<\/div><\/div><\/div><\/div><\/div><\/div><\/section><section class=\"l-section wpb_row us_custom_19737bc8 height_small\"><div class=\"l-section-h i-cf\"><div class=\"g-cols vc_row via_grid cols_3 laptops-cols_inherit tablets-cols_inherit mobiles-cols_1 valign_top type_default stacking_default\"><div class=\"wpb_column vc_column_container us_custom_9871ce26 has_bg_color\"><div class=\"vc_column-inner\"><div class=\"w-iconbox jc-icon-size-mobile iconpos_left style_outlined color_primary align_left\"><div class=\"w-iconbox-icon\" style=\"font-size:1.7rem;\"><i class=\"far fa-map-marked-alt\"><\/i><\/div><div class=\"w-iconbox-meta\"><h4 class=\"w-iconbox-title\">address<\/h4><div class=\"w-iconbox-text\"><p>Etikgraf d.o.o.<br \/>\nGlju\u0161\u0107i\u0107i 212 E<br \/>\n52404 Sveti Petar u \u0160umi<br \/>\nCroatia<\/p>\n<\/div><\/div><\/div><\/div><\/div><div class=\"wpb_column vc_column_container us_custom_9871ce26 has_bg_color\"><div class=\"vc_column-inner\"><div class=\"w-iconbox jc-icon-size-mobile iconpos_left style_outlined color_primary align_left\"><div class=\"w-iconbox-icon\" style=\"font-size:1.7rem;\"><i class=\"far fa-phone\"><\/i><\/div><div class=\"w-iconbox-meta\"><h4 class=\"w-iconbox-title\">phone<\/h4><div class=\"w-iconbox-text\"><p><a href=\"tel:+385 52 686 209\">+385 (0) 52 686 209<\/a><\/p>\n<\/div><\/div><\/div><\/div><\/div><div class=\"wpb_column vc_column_container us_custom_9871ce26 has_bg_color\"><div class=\"vc_column-inner\"><div class=\"w-iconbox jc-icon-size-mobile iconpos_left style_outlined color_primary align_left\"><div class=\"w-iconbox-icon\" style=\"font-size:1.7rem;\"><i class=\"far fa-envelope\"><\/i><\/div><div class=\"w-iconbox-meta\"><h4 class=\"w-iconbox-title\">e-mail<\/h4><div class=\"w-iconbox-text\"><p>info:<br \/>\n<a href=\"mailto:etikgraf@etikgraf.hr\">etikgraf@etikgraf.hr<\/a><\/p>\n<p>prepress:<br \/>\n<a href=\"mailto:priprema@etikgraf.hr\">priprema@etikgraf.hr<\/a><\/p>\n<p>finance:<br \/>\n<a href=\"mailto:invoice@etikgraf.hr\">invoice@etikgraf.hr<\/a><\/p>\n<\/div><\/div><\/div><\/div><\/div><\/div><\/div><\/section><section class=\"l-section wpb_row jc-mobile-full-width height_small\"><div class=\"l-section-h i-cf\"><div class=\"g-cols vc_row via_grid cols_1 laptops-cols_inherit tablets-cols_inherit mobiles-cols_1 valign_top type_default stacking_default\"><div class=\"wpb_column vc_column_container\"><div class=\"vc_column-inner\"><div class=\"w-html\"><p><iframe loading=\"lazy\" style=\"border: 0;\" src=\"https:\/\/www.google.com\/maps\/embed?pb=!1m18!1m12!1m3!1d11247.84254880249!2d13.841575216008177!3d45.187893051829484!2m3!1f0!2f0!3f0!3m2!1i1024!2i768!4f13.1!3m3!1m2!1s0x477cb045343b62af%3A0x826732858a60cc8!2sEtikgraf%20d.o.o.!5e0!3m2!1shr!2shr!4v1723053127448!5m2!1sen!2shr\" width=\"100%\" height=\"490\" allowfullscreen=\"allowfullscreen\"><\/iframe><\/p><\/div><\/div><\/div><\/div><\/div><\/section>\n","protected":false},"excerpt":{"rendered":"If you have any questions or want to know more about our products and services, contact us via e-mail or phone. addressEtikgraf d.o.o. Glju\u0161\u0107i\u0107i 212 E 52404 Sveti Petar u \u0160umi Croatia phone+385 (0) 52 686 209 e-mailinfo: etikgraf@etikgraf.hr prepress: priprema@etikgraf.hr finance: invoice@etikgraf.hr","protected":false},"author":3,"featured_media":0,"parent":0,"menu_order":26,"comment_status":"closed","ping_status":"closed","template":"","meta":{"_acf_changed":false,"footnotes":""},"class_list":["post-934","page","type-page","status-publish","hentry"],"acf":[],"_links":{"self":[{"href":"https:\/\/etikgraf.hr\/en\/wp-json\/wp\/v2\/pages\/934","targetHints":{"allow":["GET"]}}],"collection":[{"href":"https:\/\/etikgraf.hr\/en\/wp-json\/wp\/v2\/pages"}],"about":[{"href":"https:\/\/etikgraf.hr\/en\/wp-json\/wp\/v2\/types\/page"}],"author":[{"embeddable":true,"href":"https:\/\/etikgraf.hr\/en\/wp-json\/wp\/v2\/users\/3"}],"replies":[{"embeddable":true,"href":"https:\/\/etikgraf.hr\/en\/wp-json\/wp\/v2\/comments?post=934"}],"version-history":[{"count":12,"href":"https:\/\/etikgraf.hr\/en\/wp-json\/wp\/v2\/pages\/934\/revisions"}],"predecessor-version":[{"id":3108,"href":"https:\/\/etikgraf.hr\/en\/wp-json\/wp\/v2\/pages\/934\/revisions\/3108"}],"wp:attachment":[{"href":"https:\/\/etikgraf.hr\/en\/wp-json\/wp\/v2\/media?parent=934"}],"curies":[{"name":"wp","href":"https:\/\/api.w.org\/{rel}","templated":true}]}}