{"id":1064,"date":"2021-08-25T18:32:02","date_gmt":"2021-08-25T18:32:02","guid":{"rendered":"https:\/\/etikgraf.hr\/blog\/"},"modified":"2024-07-10T10:15:22","modified_gmt":"2024-07-10T08:15:22","slug":"blog","status":"publish","type":"page","link":"https:\/\/etikgraf.hr\/en\/blog\/","title":{"rendered":"Blog"},"content":{"rendered":"<section class=\"l-section wpb_row height_small width_custom\" style=\"--site-content-width:1024px;\"><div class=\"l-section-h i-cf\"><div class=\"g-cols vc_row via_grid cols_1 laptops-cols_inherit tablets-cols_inherit mobiles-cols_1 valign_top type_default stacking_default\"><div class=\"wpb_column vc_column_container\"><div class=\"vc_column-inner\"><div class=\"w-grid us_grid type_grid layout_2303 jc-blog-posts cols_1 pagination_regular preload_style_spinner with_css_animation\" id=\"us_grid_1\" style=\"--columns:1;--gap:1.7rem;\" data-filterable=\"true\"><style>.layout_2303 .w-grid-item-h{}.layout_2303 .usg_post_image_1{transition-duration:0.3s;transform-origin:50% 50%;transform:scale(1) translate(0%,0%)}.layout_2303 .w-grid-item-h:focus-within .usg_post_image_1,.layout_2303 .w-grid-item-h:hover .usg_post_image_1{transform:scale(1.03) translate(0%,0%);opacity:1}.layout_2303 .usg_text_1{transition-duration:0.3s;transform-origin:50% 50%;transform:scale(1) translate(0%,0%)}.layout_2303 .w-grid-item-h:focus-within .usg_text_1,.layout_2303 .w-grid-item-h:hover .usg_text_1{transform:scale(1) translate(0%,0%);opacity:1;color:var(--color-content-link)!important}.layout_2303 .usg_post_image_1{width:45%!important;max-width:400px!important}.layout_2303 .usg_post_title_1{font-size:1.6rem!important;font-weight:700!important;margin-bottom:0.2rem!important}.layout_2303 .usg_hwrapper_1{margin-bottom:1.5rem!important}.layout_2303 .usg_vwrapper_1{width:55%!important;padding-left:2rem!important;padding-top:0!important}.layout_2303 .usg_post_date_1{color:var(--color-content-faded)!important;font-size:0.9rem!important;margin-bottom:auto!important}.layout_2303 .usg_post_content_1{margin-left:0.7rem!important;margin-top:0.7rem!important;margin-bottom:0.8rem!important;padding-left:1rem!important;border-left-width:2px!important;border-color:var(--color-content-primary)!important;border-left-style:solid!important}.layout_2303 .usg_text_1{color:var(--color-content-text)!important;font-size:0.9rem!important;line-height:1!important;margin-top:auto!important}@media (min-width:1025px) and (max-width:1380px){.layout_2303 .usg_post_image_1{width:45%!important}.layout_2303 .usg_post_title_1{font-size:1.6rem!important;font-weight:700!important}.layout_2303 .usg_vwrapper_1{width:55%!important;padding-left:2rem!important;padding-top:0!important}}@media (min-width:601px) and (max-width:1024px){.layout_2303 .usg_post_image_1{width:100%!important}.layout_2303 .usg_post_title_1{font-size:1.6rem!important;font-weight:700!important}.layout_2303 .usg_vwrapper_1{width:100%!important;max-width:600px!important;padding-left:0!important;padding-top:1rem!important;padding-right:0!important}}@media (max-width:600px){.layout_2303 .usg_post_image_1{width:100%!important}.layout_2303 .usg_post_title_1{font-size:1.3rem!important;font-weight:700!important}.layout_2303 .usg_vwrapper_1{width:100%!important;padding-left:0!important;padding-top:1rem!important;padding-right:0!important}}<\/style><div class=\"w-grid-list\">\t<article class=\"w-grid-item us_animate_afb size_1x1 post-3359 post type-post status-publish format-standard has-post-thumbnail hentry category-blog tag-2024-en tag-dizajn-en tag-etikete-en tag-regulativa-en tag-tisak-en tag-trendovi-en tag-vinske-etikete-en tag-wine-2\" data-id=\"3359\">\r\n\t\t<div class=\"w-grid-item-h\">\r\n\t\t\t\t\t\t<div class=\"w-hwrapper usg_hwrapper_1 align_none valign_middle wrap\" style=\"--hwrapper-gap:0.6rem\"><div class=\"w-post-elm post_image usg_post_image_1 has_width has_ratio\"><a href=\"https:\/\/etikgraf.hr\/en\/frameless-wines-tomaz-2\/\" aria-label=\"Tomaz Wines: The Technical Artistry Behind the Frameless Concept\"><img loading=\"lazy\" decoding=\"async\" width=\"1024\" height=\"709\" src=\"https:\/\/etikgraf.hr\/wp-content\/uploads\/2024\/04\/TOMAZ-wines-Motovun-1536x1063-1-1024x709-1.jpg\" class=\"attachment-large size-large wp-post-image\" alt=\"\" \/><\/a><div style=\"padding-bottom:56.25%\"><\/div><\/div><div class=\"w-vwrapper usg_vwrapper_1 align_none valign_top\" style=\"--vwrapper-gap:0rem\"><h2 class=\"w-post-elm post_title usg_post_title_1 entry-title color_link_inherit\"><a href=\"https:\/\/etikgraf.hr\/en\/frameless-wines-tomaz-2\/\">Tomaz Wines: The Technical Artistry Behind the Frameless Concept<\/a><\/h2><time class=\"w-post-elm post_date usg_post_date_1 has_text_color entry-date published\" datetime=\"2026-03-19T22:53:06+01:00\">19.3.2026.<\/time><div class=\"w-post-elm post_content usg_post_content_1\">Tomaz Wines labels, inspired by the &#8220;Frameless Wines&#8221; concept, transform each bottle into a unique piece of art, breaking conventional boundaries and presenting the&hellip;<\/div><div class=\"w-text usg_text_1 has_text_color icon_atleft\"><a href=\"https:\/\/etikgraf.hr\/en\/frameless-wines-tomaz-2\/\" class=\"w-text-h\"><i class=\"far fa-plus\"><\/i><span class=\"w-text-value\">Read more<\/span><\/a><\/div><\/div><\/div>\t\t<\/div>\r\n\t\t\t<\/article>\r\n\t<article class=\"w-grid-item us_animate_afb size_1x1 post-3362 post type-post status-publish format-standard has-post-thumbnail hentry category-blog tag-award tag-case-study tag-design tag-labels tag-production tag-technology\" data-id=\"3362\">\r\n\t\t<div class=\"w-grid-item-h\">\r\n\t\t\t\t\t\t<div class=\"w-hwrapper usg_hwrapper_1 align_none valign_middle wrap\" style=\"--hwrapper-gap:0.6rem\"><div class=\"w-post-elm post_image usg_post_image_1 has_width has_ratio\"><a href=\"https:\/\/etikgraf.hr\/en\/case-study-what-happens-when-absolutely-nothing-goes-according-to-plan\/\" aria-label=\"Case Study: What Happens When Absolutely Nothing Goes According to Plan?\"><img loading=\"lazy\" decoding=\"async\" width=\"683\" height=\"1024\" src=\"https:\/\/etikgraf.hr\/wp-content\/uploads\/2026\/02\/Etikgraf-Bakic-Nenad-1-683x1024.jpg\" class=\"attachment-large size-large wp-post-image\" alt=\"\" \/><\/a><div style=\"padding-bottom:56.25%\"><\/div><\/div><div class=\"w-vwrapper usg_vwrapper_1 align_none valign_top\" style=\"--vwrapper-gap:0rem\"><h2 class=\"w-post-elm post_title usg_post_title_1 entry-title color_link_inherit\"><a href=\"https:\/\/etikgraf.hr\/en\/case-study-what-happens-when-absolutely-nothing-goes-according-to-plan\/\">Case Study: What Happens When Absolutely Nothing Goes According to Plan?<\/a><\/h2><time class=\"w-post-elm post_date usg_post_date_1 has_text_color entry-date published\" datetime=\"2026-02-12T22:47:17+01:00\">12.2.2026.<\/time><div class=\"w-post-elm post_content usg_post_content_1\">An urgent order. A new client. A specialty material. Incorrect documentation. A strike. Public holidays. A shipment stuck in transit. This is a real&hellip;<\/div><div class=\"w-text usg_text_1 has_text_color icon_atleft\"><a href=\"https:\/\/etikgraf.hr\/en\/case-study-what-happens-when-absolutely-nothing-goes-according-to-plan\/\" class=\"w-text-h\"><i class=\"far fa-plus\"><\/i><span class=\"w-text-value\">Read more<\/span><\/a><\/div><\/div><\/div>\t\t<\/div>\r\n\t\t\t<\/article>\r\n\t<article class=\"w-grid-item us_animate_afb size_1x1 post-3342 post type-post status-publish format-standard has-post-thumbnail hentry category-blog tag-etikete tag-tisak\" data-id=\"3342\">\r\n\t\t<div class=\"w-grid-item-h\">\r\n\t\t\t\t\t\t<div class=\"w-hwrapper usg_hwrapper_1 align_none valign_middle wrap\" style=\"--hwrapper-gap:0.6rem\"><div class=\"w-post-elm post_image usg_post_image_1 has_width has_ratio\"><a href=\"https:\/\/etikgraf.hr\/en\/promoting-the-role-of-women-in-the-printing-industry\/\" aria-label=\"Promoting the role of women in the printing industry\"><img loading=\"lazy\" decoding=\"async\" width=\"900\" height=\"553\" src=\"https:\/\/etikgraf.hr\/wp-content\/uploads\/2018\/09\/kontrola_kvalitete.jpg\" class=\"attachment-large size-large wp-post-image\" alt=\"\" \/><\/a><div style=\"padding-bottom:56.25%\"><\/div><\/div><div class=\"w-vwrapper usg_vwrapper_1 align_none valign_top\" style=\"--vwrapper-gap:0rem\"><h2 class=\"w-post-elm post_title usg_post_title_1 entry-title color_link_inherit\"><a href=\"https:\/\/etikgraf.hr\/en\/promoting-the-role-of-women-in-the-printing-industry\/\">Promoting the role of women in the printing industry<\/a><\/h2><time class=\"w-post-elm post_date usg_post_date_1 has_text_color entry-date published\" datetime=\"2026-01-30T06:51:46+01:00\">30.1.2026.<\/time><div class=\"w-post-elm post_content usg_post_content_1\">Through the implementation of the EU project Green Transition in Label Production, Etikgraf d.o.o. aims to highlight the importance of promoting the role of&hellip;<\/div><div class=\"w-text usg_text_1 has_text_color icon_atleft\"><a href=\"https:\/\/etikgraf.hr\/en\/promoting-the-role-of-women-in-the-printing-industry\/\" class=\"w-text-h\"><i class=\"far fa-plus\"><\/i><span class=\"w-text-value\">Read more<\/span><\/a><\/div><\/div><\/div>\t\t<\/div>\r\n\t\t\t<\/article>\r\n\t<article class=\"w-grid-item us_animate_afb size_1x1 post-3274 post type-post status-publish format-standard has-post-thumbnail hentry category-blog tag-cerm-en tag-digitalizacija-en tag-etikete-en tag-tehnologija-en tag-tisak-en\" data-id=\"3274\">\r\n\t\t<div class=\"w-grid-item-h\">\r\n\t\t\t\t\t\t<div class=\"w-hwrapper usg_hwrapper_1 align_none valign_middle wrap\" style=\"--hwrapper-gap:0.6rem\"><div class=\"w-post-elm post_image usg_post_image_1 has_width has_ratio\"><a href=\"https:\/\/etikgraf.hr\/en\/two-years-later-how-cerm-software-improved-etikgraf\/\" aria-label=\"Two Years Later: How CERM Software Improved Etikgraf\"><img loading=\"lazy\" decoding=\"async\" width=\"1024\" height=\"653\" src=\"https:\/\/etikgraf.hr\/wp-content\/uploads\/2025\/01\/Etikgraf_tiskarski_stroj-1024x653.jpg\" class=\"attachment-large size-large wp-post-image\" alt=\"\" \/><\/a><div style=\"padding-bottom:56.25%\"><\/div><\/div><div class=\"w-vwrapper usg_vwrapper_1 align_none valign_top\" style=\"--vwrapper-gap:0rem\"><h2 class=\"w-post-elm post_title usg_post_title_1 entry-title color_link_inherit\"><a href=\"https:\/\/etikgraf.hr\/en\/two-years-later-how-cerm-software-improved-etikgraf\/\">Two Years Later: How CERM Software Improved Etikgraf<\/a><\/h2><time class=\"w-post-elm post_date usg_post_date_1 has_text_color entry-date published\" datetime=\"2025-01-08T11:20:49+01:00\">8.1.2025.<\/time><div class=\"w-post-elm post_content usg_post_content_1\">In January 2023. Etikgraf took an important step toward a digital future: we switched off our old system and transferred all processes and production&hellip;<\/div><div class=\"w-text usg_text_1 has_text_color icon_atleft\"><a href=\"https:\/\/etikgraf.hr\/en\/two-years-later-how-cerm-software-improved-etikgraf\/\" class=\"w-text-h\"><i class=\"far fa-plus\"><\/i><span class=\"w-text-value\">Read more<\/span><\/a><\/div><\/div><\/div>\t\t<\/div>\r\n\t\t\t<\/article>\r\n\t<article class=\"w-grid-item us_animate_afb size_1x1 post-2778 post type-post status-publish format-standard has-post-thumbnail hentry category-blog tag-2024-en tag-dizajn-en tag-etikete-en tag-regulativa-en tag-tisak-en tag-trendovi-en tag-vinske-etikete-en tag-wine-2\" data-id=\"2778\">\r\n\t\t<div class=\"w-grid-item-h\">\r\n\t\t\t\t\t\t<div class=\"w-hwrapper usg_hwrapper_1 align_none valign_middle wrap\" style=\"--hwrapper-gap:0.6rem\"><div class=\"w-post-elm post_image usg_post_image_1 has_width has_ratio\"><a href=\"https:\/\/etikgraf.hr\/en\/frameless-wines-tomaz\/\" aria-label=\"Tomaz Wines: The Technical Artistry Behind the Frameless Concept\"><img loading=\"lazy\" decoding=\"async\" width=\"1024\" height=\"709\" src=\"https:\/\/etikgraf.hr\/wp-content\/uploads\/2024\/04\/TOMAZ-wines-Motovun-1536x1063-1-1024x709-1.jpg\" class=\"attachment-large size-large wp-post-image\" alt=\"\" \/><\/a><div style=\"padding-bottom:56.25%\"><\/div><\/div><div class=\"w-vwrapper usg_vwrapper_1 align_none valign_top\" style=\"--vwrapper-gap:0rem\"><h2 class=\"w-post-elm post_title usg_post_title_1 entry-title color_link_inherit\"><a href=\"https:\/\/etikgraf.hr\/en\/frameless-wines-tomaz\/\">Tomaz Wines: The Technical Artistry Behind the Frameless Concept<\/a><\/h2><time class=\"w-post-elm post_date usg_post_date_1 has_text_color entry-date published\" datetime=\"2024-04-09T22:55:02+02:00\">9.4.2024.<\/time><div class=\"w-post-elm post_content usg_post_content_1\">Tomaz Wines labels, inspired by the &#8220;Frameless Wines&#8221; concept, transform each bottle into a unique piece of art, breaking conventional boundaries and presenting the&hellip;<\/div><div class=\"w-text usg_text_1 has_text_color icon_atleft\"><a href=\"https:\/\/etikgraf.hr\/en\/frameless-wines-tomaz\/\" class=\"w-text-h\"><i class=\"far fa-plus\"><\/i><span class=\"w-text-value\">Read more<\/span><\/a><\/div><\/div><\/div>\t\t<\/div>\r\n\t\t\t<\/article>\r\n\t<article class=\"w-grid-item us_animate_afb size_1x1 post-2813 post type-post status-publish format-standard has-post-thumbnail hentry category-blog tag-2024-en tag-dizajn-en tag-etikete-en tag-odrzivost-en tag-qr-en tag-regulativa-en tag-tisak-en tag-trendovi-en tag-vinske-etikete-en tag-wine-2\" data-id=\"2813\">\r\n\t\t<div class=\"w-grid-item-h\">\r\n\t\t\t\t\t\t<div class=\"w-hwrapper usg_hwrapper_1 align_none valign_middle wrap\" style=\"--hwrapper-gap:0.6rem\"><div class=\"w-post-elm post_image usg_post_image_1 has_width has_ratio\"><a href=\"https:\/\/etikgraf.hr\/en\/zivjelo-prijateljstvo-a-box-full-of-wine-music-and-friendship\/\" aria-label=\"&#8220;\u017divjelo prijateljstvo&#8221; &#8211; A Box Full of Wine, Music, and Friendship\"><img loading=\"lazy\" decoding=\"async\" width=\"1024\" height=\"768\" src=\"https:\/\/etikgraf.hr\/wp-content\/uploads\/2024\/02\/IMG_2904-1024x768-1.jpeg\" class=\"attachment-large size-large wp-post-image\" alt=\"\" \/><\/a><div style=\"padding-bottom:56.25%\"><\/div><\/div><div class=\"w-vwrapper usg_vwrapper_1 align_none valign_top\" style=\"--vwrapper-gap:0rem\"><h2 class=\"w-post-elm post_title usg_post_title_1 entry-title color_link_inherit\"><a href=\"https:\/\/etikgraf.hr\/en\/zivjelo-prijateljstvo-a-box-full-of-wine-music-and-friendship\/\">&#8220;\u017divjelo prijateljstvo&#8221; &#8211; A Box Full of Wine, Music, and Friendship<\/a><\/h2><time class=\"w-post-elm post_date usg_post_date_1 has_text_color entry-date published\" datetime=\"2024-02-29T13:27:15+01:00\">29.2.2024.<\/time><div class=\"w-post-elm post_content usg_post_content_1\">When Ivica Mato\u0161evi\u0107 first shared the vision for the &#8220;\u017divjelo prijateljstvo&#8221; initiative with our founder, Milan Klanjac, Milan&#8217;s immediate response was: &#8220;Consider the printing&hellip;<\/div><div class=\"w-text usg_text_1 has_text_color icon_atleft\"><a href=\"https:\/\/etikgraf.hr\/en\/zivjelo-prijateljstvo-a-box-full-of-wine-music-and-friendship\/\" class=\"w-text-h\"><i class=\"far fa-plus\"><\/i><span class=\"w-text-value\">Read more<\/span><\/a><\/div><\/div><\/div>\t\t<\/div>\r\n\t\t\t<\/article>\r\n\t<article class=\"w-grid-item us_animate_afb size_1x1 post-2196 post type-post status-publish format-standard has-post-thumbnail hentry category-blog tag-2024-en tag-dizajn-en tag-etikete-en tag-odrzivost-en tag-qr-en tag-regulativa-en tag-tisak-en tag-trendovi-en tag-vinske-etikete-en tag-wine-2\" data-id=\"2196\">\r\n\t\t<div class=\"w-grid-item-h\">\r\n\t\t\t\t\t\t<div class=\"w-hwrapper usg_hwrapper_1 align_none valign_middle wrap\" style=\"--hwrapper-gap:0.6rem\"><div class=\"w-post-elm post_image usg_post_image_1 has_width has_ratio\"><a href=\"https:\/\/etikgraf.hr\/en\/trends-in-packaging-and-labels-2024-2\/\" aria-label=\"Trends in Packaging and Labels: A Look into 2024\"><img loading=\"lazy\" decoding=\"async\" width=\"900\" height=\"555\" src=\"https:\/\/etikgraf.hr\/wp-content\/uploads\/2024\/01\/Untitled-design-11.png\" class=\"attachment-large size-large wp-post-image\" alt=\"Trendovi u amabal\u017ei i etiketama za 2024\" \/><\/a><div style=\"padding-bottom:56.25%\"><\/div><\/div><div class=\"w-vwrapper usg_vwrapper_1 align_none valign_top\" style=\"--vwrapper-gap:0rem\"><h2 class=\"w-post-elm post_title usg_post_title_1 entry-title color_link_inherit\"><a href=\"https:\/\/etikgraf.hr\/en\/trends-in-packaging-and-labels-2024-2\/\">Trends in Packaging and Labels: A Look into 2024<\/a><\/h2><time class=\"w-post-elm post_date usg_post_date_1 has_text_color entry-date published\" datetime=\"2024-01-22T10:23:51+01:00\">22.1.2024.<\/time><div class=\"w-post-elm post_content usg_post_content_1\">The year 2024 has already begun, bringing with it not just a new calendar, but a new era of innovation and creative challenges in&hellip;<\/div><div class=\"w-text usg_text_1 has_text_color icon_atleft\"><a href=\"https:\/\/etikgraf.hr\/en\/trends-in-packaging-and-labels-2024-2\/\" class=\"w-text-h\"><i class=\"far fa-plus\"><\/i><span class=\"w-text-value\">Read more<\/span><\/a><\/div><\/div><\/div>\t\t<\/div>\r\n\t\t\t<\/article>\r\n\t<article class=\"w-grid-item us_animate_afb size_1x1 post-2162 post type-post status-publish format-standard has-post-thumbnail hentry category-blog tag-etikete-en tag-nagrada-en tag-tisak-en tag-vinske-etikete-en tag-wine-2\" data-id=\"2162\">\r\n\t\t<div class=\"w-grid-item-h\">\r\n\t\t\t\t\t\t<div class=\"w-hwrapper usg_hwrapper_1 align_none valign_middle wrap\" style=\"--hwrapper-gap:0.6rem\"><div class=\"w-post-elm post_image usg_post_image_1 has_width has_ratio\"><a href=\"https:\/\/etikgraf.hr\/en\/news-regulation-on-packaging\/\" aria-label=\"News: Regulation on packaging\"><img loading=\"lazy\" decoding=\"async\" width=\"1000\" height=\"650\" src=\"https:\/\/etikgraf.hr\/wp-content\/uploads\/2023\/11\/novosti-pravilnik-Your-Story-2-1.png\" class=\"attachment-large size-large wp-post-image\" alt=\"\" \/><\/a><div style=\"padding-bottom:56.25%\"><\/div><\/div><div class=\"w-vwrapper usg_vwrapper_1 align_none valign_top\" style=\"--vwrapper-gap:0rem\"><h2 class=\"w-post-elm post_title usg_post_title_1 entry-title color_link_inherit\"><a href=\"https:\/\/etikgraf.hr\/en\/news-regulation-on-packaging\/\">News: Regulation on packaging<\/a><\/h2><time class=\"w-post-elm post_date usg_post_date_1 has_text_color entry-date published\" datetime=\"2023-11-20T12:46:11+01:00\">20.11.2023.<\/time><div class=\"w-post-elm post_content usg_post_content_1\">Recently published Regulation on packaging and packaging waste, single-use plastic products, and fishing gear containing plastic (NN 137\/2023) marked an important step in regulating&hellip;<\/div><div class=\"w-text usg_text_1 has_text_color icon_atleft\"><a href=\"https:\/\/etikgraf.hr\/en\/news-regulation-on-packaging\/\" class=\"w-text-h\"><i class=\"far fa-plus\"><\/i><span class=\"w-text-value\">Read more<\/span><\/a><\/div><\/div><\/div>\t\t<\/div>\r\n\t\t\t<\/article>\r\n\t<article class=\"w-grid-item us_animate_afb size_1x1 post-1163 post type-post status-publish format-standard has-post-thumbnail hentry category-blog tag-etikete-en tag-nagrada-en tag-tisak-en tag-vinske-etikete-en tag-wine-2\" data-id=\"1163\">\r\n\t\t<div class=\"w-grid-item-h\">\r\n\t\t\t\t\t\t<div class=\"w-hwrapper usg_hwrapper_1 align_none valign_middle wrap\" style=\"--hwrapper-gap:0.6rem\"><div class=\"w-post-elm post_image usg_post_image_1 has_width has_ratio\"><a href=\"https:\/\/etikgraf.hr\/en\/preiner3-2\/\" aria-label=\"Preiner III &#8211; clean elegance that speaks louder than words\"><img loading=\"lazy\" decoding=\"async\" width=\"1024\" height=\"1024\" src=\"https:\/\/etikgraf.hr\/wp-content\/uploads\/2023\/01\/Preiner-wines-III-01-1024x1024.jpg\" class=\"attachment-large size-large wp-post-image\" alt=\"\" \/><\/a><div style=\"padding-bottom:56.25%\"><\/div><\/div><div class=\"w-vwrapper usg_vwrapper_1 align_none valign_top\" style=\"--vwrapper-gap:0rem\"><h2 class=\"w-post-elm post_title usg_post_title_1 entry-title color_link_inherit\"><a href=\"https:\/\/etikgraf.hr\/en\/preiner3-2\/\">Preiner III &#8211; clean elegance that speaks louder than words<\/a><\/h2><time class=\"w-post-elm post_date usg_post_date_1 has_text_color entry-date published\" datetime=\"2022-03-23T09:36:24+01:00\">23.3.2022.<\/time><div class=\"w-post-elm post_content usg_post_content_1\">From a winery led by three generations comes Preiner III \u2013 a premium cuv\u00e9e made of three varieties, some of them unique to the&hellip;<\/div><div class=\"w-text usg_text_1 has_text_color icon_atleft\"><a href=\"https:\/\/etikgraf.hr\/en\/preiner3-2\/\" class=\"w-text-h\"><i class=\"far fa-plus\"><\/i><span class=\"w-text-value\">Read more<\/span><\/a><\/div><\/div><\/div>\t\t<\/div>\r\n\t\t\t<\/article>\r\n\t<article class=\"w-grid-item us_animate_afb size_1x1 post-1775 post type-post status-publish format-standard has-post-thumbnail hentry category-blog tag-award tag-design tag-etikete-en tag-labels tag-nagrada-en tag-tisak-en tag-vinske-etikete-en tag-wine-2 tag-wine-labels\" data-id=\"1775\">\r\n\t\t<div class=\"w-grid-item-h\">\r\n\t\t\t\t\t\t<div class=\"w-hwrapper usg_hwrapper_1 align_none valign_middle wrap\" style=\"--hwrapper-gap:0.6rem\"><div class=\"w-post-elm post_image usg_post_image_1 has_width has_ratio\"><a href=\"https:\/\/etikgraf.hr\/en\/vina_suran_eda_gold_award\/\" aria-label=\"European Gold for \u0160uran Wine&#8217;s Microcosm design\"><img loading=\"lazy\" decoding=\"async\" width=\"1024\" height=\"512\" src=\"https:\/\/etikgraf.hr\/wp-content\/uploads\/2021\/10\/ETIKGRAF_Suran_wide-1024x512.png\" class=\"attachment-large size-large wp-post-image\" alt=\"\" \/><\/a><div style=\"padding-bottom:56.25%\"><\/div><\/div><div class=\"w-vwrapper usg_vwrapper_1 align_none valign_top\" style=\"--vwrapper-gap:0rem\"><h2 class=\"w-post-elm post_title usg_post_title_1 entry-title color_link_inherit\"><a href=\"https:\/\/etikgraf.hr\/en\/vina_suran_eda_gold_award\/\">European Gold for \u0160uran Wine&#8217;s Microcosm design<\/a><\/h2><time class=\"w-post-elm post_date usg_post_date_1 has_text_color entry-date published\" datetime=\"2021-08-07T20:23:05+02:00\">7.8.2021.<\/time><div class=\"w-post-elm post_content usg_post_content_1\">The original packaging solution for \u0160uran wines from Rovinj depicted the microbiological activity of the soil and won gold at the European Design Awards.&hellip;<\/div><div class=\"w-text usg_text_1 has_text_color icon_atleft\"><a href=\"https:\/\/etikgraf.hr\/en\/vina_suran_eda_gold_award\/\" class=\"w-text-h\"><i class=\"far fa-plus\"><\/i><span class=\"w-text-value\">Read more<\/span><\/a><\/div><\/div><\/div>\t\t<\/div>\r\n\t\t\t<\/article>\r\n<\/div>\t<div class=\"w-grid-preloader\">\r\n\t\t<div class=\"g-preloader type_1\">\r\n\t\t\t<div><\/div>\r\n\t\t<\/div>\r\n\t<\/div>\r\n\t\t\t\t<nav class=\"pagination navigation\" role=\"navigation\">\r\n\t\t\t\t<div class=\"nav-links\">\r\n\t\t\t\t\t<span aria-current=\"page\" class=\"page-numbers current\"><span>1<\/span><\/span>\n<a class=\"page-numbers\" href=\"https:\/\/etikgraf.hr\/en\/wp-json\/wp\/v2\/pages\/1064\/page\/2\/\"><span>2<\/span><\/a>\n<a class=\"next page-numbers\" href=\"https:\/\/etikgraf.hr\/en\/wp-json\/wp\/v2\/pages\/1064\/page\/2\/\"><span>Next<\/span><\/a>\t\t\t\t<\/div>\r\n\t\t\t<\/nav>\r\n\t\t\t\t<div class=\"w-grid-json hidden\" onclick='return {&quot;action&quot;:&quot;us_ajax_grid&quot;,&quot;infinite_scroll&quot;:0,&quot;max_num_pages&quot;:2,&quot;pagination&quot;:&quot;regular&quot;,&quot;template_vars&quot;:{&quot;columns&quot;:&quot;1&quot;,&quot;exclude_items&quot;:&quot;none&quot;,&quot;img_size&quot;:&quot;default&quot;,&quot;ignore_items_size&quot;:0,&quot;items_layout&quot;:&quot;2303&quot;,&quot;items_offset&quot;:&quot;1&quot;,&quot;load_animation&quot;:&quot;afb&quot;,&quot;overriding_link&quot;:&quot;{\\&quot;url\\&quot;:\\&quot;\\&quot;}&quot;,&quot;post_id&quot;:0,&quot;query_args&quot;:{&quot;post_type&quot;:[&quot;post&quot;],&quot;post_status&quot;:[&quot;publish&quot;,&quot;acf-disabled&quot;],&quot;posts_per_page&quot;:&quot;10&quot;},&quot;orderby_query_args&quot;:{&quot;orderby&quot;:{&quot;date&quot;:&quot;DESC&quot;}},&quot;type&quot;:&quot;grid&quot;,&quot;us_grid_post_type&quot;:&quot;post&quot;,&quot;us_grid_ajax_index&quot;:1,&quot;us_grid_filter_query_string&quot;:null,&quot;us_grid_index&quot;:1,&quot;page_args&quot;:[],&quot;lang&quot;:&quot;en&quot;}}'><\/div>\r\n\t<\/div><\/div><\/div><\/div><\/div><\/section>\n","protected":false},"excerpt":{"rendered":"The original packaging solution for \u0160uran wines from Rovinj depicted the microbiological activity of the soil and won gold at the European Design Awards. The European Design Awards competition proved successful once again for the Tumpi\u0107\/Prenc Studio for Visual Communication, in whose vision we also participated by printing the label for the packaging of \u0160uran...","protected":false},"author":3,"featured_media":0,"parent":0,"menu_order":18,"comment_status":"closed","ping_status":"closed","template":"","meta":{"_acf_changed":false,"footnotes":""},"class_list":["post-1064","page","type-page","status-publish","hentry"],"acf":[],"_links":{"self":[{"href":"https:\/\/etikgraf.hr\/en\/wp-json\/wp\/v2\/pages\/1064","targetHints":{"allow":["GET"]}}],"collection":[{"href":"https:\/\/etikgraf.hr\/en\/wp-json\/wp\/v2\/pages"}],"about":[{"href":"https:\/\/etikgraf.hr\/en\/wp-json\/wp\/v2\/types\/page"}],"author":[{"embeddable":true,"href":"https:\/\/etikgraf.hr\/en\/wp-json\/wp\/v2\/users\/3"}],"replies":[{"embeddable":true,"href":"https:\/\/etikgraf.hr\/en\/wp-json\/wp\/v2\/comments?post=1064"}],"version-history":[{"count":18,"href":"https:\/\/etikgraf.hr\/en\/wp-json\/wp\/v2\/pages\/1064\/revisions"}],"predecessor-version":[{"id":2794,"href":"https:\/\/etikgraf.hr\/en\/wp-json\/wp\/v2\/pages\/1064\/revisions\/2794"}],"wp:attachment":[{"href":"https:\/\/etikgraf.hr\/en\/wp-json\/wp\/v2\/media?parent=1064"}],"curies":[{"name":"wp","href":"https:\/\/api.w.org\/{rel}","templated":true}]}}