{"id":1002,"date":"2021-01-07T20:32:28","date_gmt":"2021-01-07T20:32:28","guid":{"rendered":"https:\/\/etikgraf.hr\/our-work\/"},"modified":"2026-03-30T19:05:27","modified_gmt":"2026-03-30T17:05:27","slug":"our-work","status":"publish","type":"page","link":"https:\/\/etikgraf.hr\/en\/our-work\/","title":{"rendered":"Production"},"content":{"rendered":"<section class=\"l-section wpb_row height_small\"><div class=\"l-section-h i-cf\"><div class=\"g-cols vc_row via_grid cols_2 laptops-cols_inherit tablets-cols_inherit mobiles-cols_1 valign_middle type_default stacking_default\"><div class=\"wpb_column vc_column_container us_custom_233ddfb1 us_animate_this\"><div class=\"vc_column-inner\"><div class=\"w-text us_custom_28e36be2 has_text_color\"><span class=\"w-text-h\"><span class=\"w-text-value\">01<\/span><\/span><\/div><div class=\"wpb_text_column\"><div class=\"wpb_wrapper\"><h2>Material selection, consultation \u2026<\/h2>\n<p>Although a label is a small piece of paper, it fully embodies all the communicative power of a product: through design, texture, and shape it stimulates the customer\u2019s senses and can influence subconscious decisions. In wine packaging, cosmetics, and other high-end segments\u2014where small differences in execution can determine success, and where access to a wide range of materials is available\u2014this becomes especially evident.<\/p>\n<p>Design is the starting point and the foundation, but the right choice of materials and production techniques amplifies the idea and the value of the label\u2014visually and through other senses.<br \/>We will turn your idea into a label you can touch and truly feel. Get in touch with us.<\/p>\n<\/div><\/div><\/div><\/div><div class=\"wpb_column vc_column_container us_custom_f598340a us_animate_this\"><div class=\"vc_column-inner\"><div class=\"w-image style_shadow-2 has_ratio align_none\"><div class=\"w-image-h\"><div style=\"padding-bottom:75%\"><\/div><div class=\"w-image-shadow\" style=\"background-image:url(https:\/\/etikgraf.hr\/wp-content\/uploads\/2018\/10\/Skica-1024x683.jpg);\"><\/div><img decoding=\"async\" width=\"1024\" height=\"683\" src=\"https:\/\/etikgraf.hr\/wp-content\/uploads\/2018\/10\/Skica-1024x683.jpg\" class=\"attachment-large size-large\" alt=\"Skica\" loading=\"lazy\" \/><\/div><\/div><\/div><\/div><\/div><\/div><\/section><section class=\"l-section wpb_row height_small color_alternate\"><div class=\"l-section-h i-cf\"><div class=\"g-cols vc_row via_grid cols_2 laptops-cols_inherit tablets-cols_inherit mobiles-cols_1 valign_middle type_default reversed stacking_default\"><div class=\"wpb_column vc_column_container us_custom_233ddfb1 us_animate_this\"><div class=\"vc_column-inner\"><div class=\"w-image style_shadow-2 has_ratio align_none\"><div class=\"w-image-h\"><div style=\"padding-bottom:75%\"><\/div><div class=\"w-image-shadow\" style=\"background-image:url(https:\/\/etikgraf.hr\/wp-content\/uploads\/2018\/10\/ETIKGRAF_Priprema-1-1024x768.jpg);\"><\/div><img decoding=\"async\" width=\"1024\" height=\"768\" src=\"https:\/\/etikgraf.hr\/wp-content\/uploads\/2018\/10\/ETIKGRAF_Priprema-1-1024x768.jpg\" class=\"attachment-large size-large\" alt=\"Grafi\u010dka priprema\" loading=\"lazy\" \/><\/div><\/div><\/div><\/div><div class=\"wpb_column vc_column_container us_custom_9857f25e us_animate_this\"><div class=\"vc_column-inner\"><div class=\"w-text us_custom_28e36be2 has_text_color\"><span class=\"w-text-h\"><span class=\"w-text-value\">02<\/span><\/span><\/div><div class=\"wpb_text_column\"><div class=\"wpb_wrapper\"><h2>Prepress<\/h2>\n<p>Prepress is a link between the design and print, between an idea and label. Thus, it is and important segment of our production, and it requires experience and knowledge of all printing techniques, finishing techniques, and material selection. Before printing, all documents undergo the process of prepress.<br \/>Our team is fully dedicated to researching and developing professional, tailored technical solutions that will transform your design concept into the final product: a label. <\/p>\n<\/div><\/div><\/div><\/div><\/div><\/div><\/section><section class=\"l-section wpb_row height_small\"><div class=\"l-section-h i-cf\"><div class=\"g-cols vc_row via_grid cols_2 laptops-cols_inherit tablets-cols_inherit mobiles-cols_1 valign_middle type_default stacking_default\"><div class=\"wpb_column vc_column_container us_custom_233ddfb1 us_animate_this\"><div class=\"vc_column-inner\"><div class=\"w-text us_custom_28e36be2 has_text_color\"><span class=\"w-text-h\"><span class=\"w-text-value\">03<\/span><\/span><\/div><div class=\"wpb_text_column with_collapsible_content\" data-content-height=\"230px\"><div class=\"wpb_wrapper\"><h2>Printing<\/h2>\n<p>CONVENTIONAL AND WATERLESS OFFSET<br \/>The basis of our production is the offset: the most precise, but also very demanding techniqe that endured through all challenges of modern digital technologies and is still the best choice for printing high-end and luxury lables. The selection of materials is almost unlimited, quality of press unmatched till today, so it\u2019s not a wonder why the best wine labels are printed using conventional or waterless offset. <\/p>\n<p>DIGITAL OFFSET PRINTING<br \/>Digital printing combines speed, flexibility, and adaptability, allowing us to produce even the smallest quantities in premium offset quality.<br \/>In addition, the possibility of a certain level of personalization of self-adhesive labels meets the latest marketing demands.<\/p>\n<p>FLEXOGRAPHY<br \/>Alongside offset techniques, our machine park also includes a flexographic press for situations where speed, large volumes, and cost efficiency need to be combined.<br \/>The simplicity of the technique and the stability of our press allow us to print aluminum pharmaceutical foils for tablet packaging.<\/p>\n<\/div><div class=\"toggle-links align_none\"><button class=\"collapsible-content-more\">Show More<\/button><button class=\"collapsible-content-less\">Show Less<\/button><\/div><\/div><\/div><\/div><div class=\"wpb_column vc_column_container us_custom_f598340a us_animate_this\"><div class=\"vc_column-inner\"><div class=\"w-image style_shadow-2 has_ratio align_none\"><div class=\"w-image-h\"><div style=\"padding-bottom:75%\"><\/div><div class=\"w-image-shadow\" style=\"background-image:url(https:\/\/etikgraf.hr\/wp-content\/uploads\/2018\/10\/ETIKGRAF_tisak-1024x894.jpg);\"><\/div><img decoding=\"async\" width=\"1024\" height=\"894\" src=\"https:\/\/etikgraf.hr\/wp-content\/uploads\/2018\/10\/ETIKGRAF_tisak-1024x894.jpg\" class=\"attachment-large size-large\" alt=\"Tisak\" loading=\"lazy\" \/><\/div><\/div><\/div><\/div><\/div><\/div><\/section><section class=\"l-section wpb_row height_small color_alternate\"><div class=\"l-section-h i-cf\"><div class=\"g-cols vc_row via_grid cols_2 laptops-cols_inherit tablets-cols_inherit mobiles-cols_1 valign_middle type_default reversed stacking_default\"><div class=\"wpb_column vc_column_container us_custom_233ddfb1 us_animate_this\"><div class=\"vc_column-inner\"><div class=\"w-image style_shadow-2 has_ratio align_none\"><div class=\"w-image-h\"><div style=\"padding-bottom:75%\"><\/div><div class=\"w-image-shadow\" style=\"background-image:url(https:\/\/etikgraf.hr\/wp-content\/uploads\/2018\/10\/ETIKGRAF_Dorada-3-1024x681.jpg);\"><\/div><img decoding=\"async\" width=\"1024\" height=\"681\" src=\"https:\/\/etikgraf.hr\/wp-content\/uploads\/2018\/10\/ETIKGRAF_Dorada-3-1024x681.jpg\" class=\"attachment-large size-large\" alt=\"Dorada\" loading=\"lazy\" \/><\/div><\/div><\/div><\/div><div class=\"wpb_column vc_column_container us_custom_f598340a us_animate_this\"><div class=\"vc_column-inner\"><div class=\"w-text us_custom_28e36be2 has_text_color\"><span class=\"w-text-h\"><span class=\"w-text-value\">04<\/span><\/span><\/div><div class=\"wpb_text_column with_collapsible_content\" data-content-height=\"230px\"><div class=\"wpb_wrapper\"><h2>Finishing<\/h2>\n<p>FOIL STAMPING AND EMBOSSING<br \/>Among the many finishing techniques, foil stamping and embossing hold a special place thanks to the countless creative possibilities they offer. When combined with holographic foil options, the design possibilities become virtually endless.<br \/>Striking visual effects and unmatched refinement make these techniques ideal for luxury products that require equally luxurious packaging. <\/p>\n<p>SCREEN PRINTING<br \/>Screen printing represents a specialized finishing niche that gives labels a new dimension of quality and visual appeal.<\/p>\n<p>Elegant three-dimensional patterns created with tactile screen varnish make product packaging distinctive and memorable.<\/p>\n<p>VARNISHING AND LAMINATION<br \/>Lamination (also known as film lamination) and varnishing serve two functions: enhancing aesthetic value and improving the mechanical properties of the packaging.<br \/>Varnishing not only offers various possibilities for surface effects, thickness, and appearance, but also provides additional protection to the print. Laminacija, bilo sjajna, mat iliLamination\u2014whether glossy, matte, or soft-touch\u2014ensures even stronger protection against chemical and mechanical\/external influences, thereby extending the lifespan of the packaging. &#8220;soft-touch&#8221;, pru\u017ea jo\u0161 ja\u010du za\u0161titu od kemijskih ili mehani\u010dkih\/vanjskih utjecaja,, produ\u017euju\u0107i tako \u017eivotni vijek ambala\u017ee. <\/p>\n<\/div><div class=\"toggle-links align_none\"><button class=\"collapsible-content-more\">Show More<\/button><button class=\"collapsible-content-less\">Show Less<\/button><\/div><\/div><\/div><\/div><\/div><\/div><\/section><section class=\"l-section wpb_row height_small\"><div class=\"l-section-h i-cf\"><div class=\"g-cols vc_row via_grid cols_2 laptops-cols_inherit tablets-cols_inherit mobiles-cols_1 valign_middle type_default stacking_default\"><div class=\"wpb_column vc_column_container us_custom_233ddfb1 us_animate_this\"><div class=\"vc_column-inner\"><div class=\"w-text us_custom_28e36be2 has_text_color\"><span class=\"w-text-h\"><span class=\"w-text-value\">05<\/span><\/span><\/div><div class=\"wpb_text_column\"><div class=\"wpb_wrapper\"><h2>Quality Control<\/h2>\n<p>To ensure high-quality standards, we continuously follow modern trends in the graphic industry, with a strong focus on developing the professional and technical skills of all our employees. This commitment results in excellence and outstanding competitiveness of Etikgraf on the Croatian and European markets.<\/p>\n<p>Meeting the requirements and expectations of our customers is the foundation of our company\u2019s quality and the reputation we have been building for years.<\/p>\n<\/div><\/div><\/div><\/div><div class=\"wpb_column vc_column_container us_custom_f598340a us_animate_this\"><div class=\"vc_column-inner\"><div class=\"w-image style_shadow-2 has_ratio align_none\"><div class=\"w-image-h\"><div style=\"padding-bottom:75%\"><\/div><div class=\"w-image-shadow\" style=\"background-image:url(https:\/\/etikgraf.hr\/wp-content\/uploads\/2018\/10\/ETIKGRAF_kontrola2-1024x916.jpg);\"><\/div><img decoding=\"async\" width=\"1024\" height=\"916\" src=\"https:\/\/etikgraf.hr\/wp-content\/uploads\/2018\/10\/ETIKGRAF_kontrola2-1024x916.jpg\" class=\"attachment-large size-large\" alt=\"Kontrola kvalitete\" loading=\"lazy\" \/><\/div><\/div><\/div><\/div><\/div><\/div><\/section>\n","protected":false},"excerpt":{"rendered":"01 Material selection, consultation \u2026 Although a label is a small piece of paper, it fully embodies all the communicative power of a product: through design, texture, and shape it stimulates the customer\u2019s senses and can influence subconscious decisions. In wine packaging, cosmetics, and other high-end segments\u2014where small differences in execution can determine success, and...","protected":false},"author":3,"featured_media":0,"parent":0,"menu_order":10,"comment_status":"closed","ping_status":"closed","template":"","meta":{"_acf_changed":false,"footnotes":""},"class_list":["post-1002","page","type-page","status-publish","hentry"],"acf":[],"_links":{"self":[{"href":"https:\/\/etikgraf.hr\/en\/wp-json\/wp\/v2\/pages\/1002","targetHints":{"allow":["GET"]}}],"collection":[{"href":"https:\/\/etikgraf.hr\/en\/wp-json\/wp\/v2\/pages"}],"about":[{"href":"https:\/\/etikgraf.hr\/en\/wp-json\/wp\/v2\/types\/page"}],"author":[{"embeddable":true,"href":"https:\/\/etikgraf.hr\/en\/wp-json\/wp\/v2\/users\/3"}],"replies":[{"embeddable":true,"href":"https:\/\/etikgraf.hr\/en\/wp-json\/wp\/v2\/comments?post=1002"}],"version-history":[{"count":13,"href":"https:\/\/etikgraf.hr\/en\/wp-json\/wp\/v2\/pages\/1002\/revisions"}],"predecessor-version":[{"id":3505,"href":"https:\/\/etikgraf.hr\/en\/wp-json\/wp\/v2\/pages\/1002\/revisions\/3505"}],"wp:attachment":[{"href":"https:\/\/etikgraf.hr\/en\/wp-json\/wp\/v2\/media?parent=1002"}],"curies":[{"name":"wp","href":"https:\/\/api.w.org\/{rel}","templated":true}]}}